{"id":252,"date":"2024-08-14T20:07:46","date_gmt":"2024-08-14T18:07:46","guid":{"rendered":"https:\/\/clubdunas.icosaedro.cl\/?page_id=252"},"modified":"2024-09-03T19:09:43","modified_gmt":"2024-09-03T17:09:43","slug":"club-las-dunas","status":"publish","type":"page","link":"https:\/\/clublasdunas.cl\/index.php\/club-las-dunas\/","title":{"rendered":"Club Las Dunas"},"content":{"rendered":"<div id='full_slider_1'  class='avia-fullwidth-slider main_color avia-shadow   avia-builder-el-0  el_before_av_section  avia-builder-el-first   container_wrap fullsize'  >\n<style type=\"text\/css\" data-created_by=\"avia_inline_auto\" id=\"style-css-av-lzu5z0gn-420d7d3894be3cdc29814bfc816b3e86\">\n#top #wrap_all .avia-slideshow .av-slideshow-caption.av-lzu5z0gn-420d7d3894be3cdc29814bfc816b3e86__0 .avia-caption-title{\nfont-size:80px;\n}\n<\/style>\n<div  class='avia-slideshow av-lzu5z0gn-420d7d3894be3cdc29814bfc816b3e86 avia-slideshow-featured av_slideshow_full avia-slide-slider av-slideshow-ui av-control-default av-slideshow-manual av-loop-once av-loop-manual-endless av-default-height-applied   avia-slideshow-1' data-slideshow-options=\"{&quot;animation&quot;:&quot;slide&quot;,&quot;autoplay&quot;:false,&quot;loop_autoplay&quot;:&quot;once&quot;,&quot;interval&quot;:5,&quot;loop_manual&quot;:&quot;manual-endless&quot;,&quot;autoplay_stopper&quot;:false,&quot;noNavigation&quot;:false,&quot;bg_slider&quot;:false,&quot;keep_padding&quot;:false,&quot;hoverpause&quot;:false,&quot;show_slide_delay&quot;:0}\"  itemprop=\"image\" itemscope=\"itemscope\" itemtype=\"https:\/\/schema.org\/ImageObject\" ><ul class='avia-slideshow-inner ' style='padding-bottom: 33.59375%;'><li  class='avia-slideshow-slide av-lzu5z0gn-420d7d3894be3cdc29814bfc816b3e86__0  av-single-slide slide-1 slide-odd'><div data-rel='slideshow-1' class='avia-slide-wrap '   ><div class='av-slideshow-caption av-lzu5z0gn-420d7d3894be3cdc29814bfc816b3e86__0 caption_fullwidth caption_center'><div class=\"container caption_container\"><div class=\"slideshow_caption\"><div class=\"slideshow_inner_caption\"><div class=\"slideshow_align_caption\"><h2 class='avia-caption-title '  itemprop=\"name\" >Quienes Somos<\/h2><\/div><\/div><\/div><\/div><\/div><img decoding=\"async\" fetchpriority=\"high\" class=\"wp-image-236 avia-img-lazy-loading-not-236\"  src=\"https:\/\/clublasdunas.cl\/wp-content\/uploads\/2024\/08\/4L2A6978-1280x430.jpeg\" width=\"1280\" height=\"430\" title='4L2A6978' alt=''  itemprop=\"thumbnailUrl\"   \/><div class='av-section-color-overlay' style='opacity: 0.4; background-color: #000000; '><\/div><\/div><\/li><\/ul><\/div><\/div>\n<div id='av_section_1'  class='avia-section av-j919o-88fd9ae0b6d7416fe857c30db8769481 main_color avia-section-default avia-no-border-styling  avia-builder-el-1  el_after_av_slideshow_full  el_before_av_masonry_gallery  avia-bg-style-scroll container_wrap fullsize'  ><div class='container av-section-cont-open' ><div class='template-page content  av-content-full alpha units'><div class='post-entry post-entry-type-page post-entry-252'><div class='entry-content-wrapper clearfix'>\n<div  class='flex_column av-9s09g-6d94ea1181931cae8cff102696b8afbd av_one_full  avia-builder-el-2  el_before_av_one_half  avia-builder-el-first  first flex_column_div  '     ><p>\n<style type=\"text\/css\" data-created_by=\"avia_inline_auto\" id=\"style-css-av-lzu64j3x-d3ea568aecfca8d8e0f633382931a988\">\n#top .av-special-heading.av-lzu64j3x-d3ea568aecfca8d8e0f633382931a988{\npadding-bottom:10px;\n}\nbody .av-special-heading.av-lzu64j3x-d3ea568aecfca8d8e0f633382931a988 .av-special-heading-tag .heading-char{\nfont-size:25px;\n}\n.av-special-heading.av-lzu64j3x-d3ea568aecfca8d8e0f633382931a988 .av-subheading{\nfont-size:15px;\n}\n<\/style>\n<div  class='av-special-heading av-lzu64j3x-d3ea568aecfca8d8e0f633382931a988 av-special-heading-h2 blockquote modern-quote modern-centered  avia-builder-el-3  el_before_av_textblock  avia-builder-el-first '><h2 class='av-special-heading-tag'  itemprop=\"headline\"  >Nuestro Club<\/h2><div class=\"special-heading-border\"><div class=\"special-heading-inner-border\"><\/div><\/div><\/div><br \/>\n<section  class='av_textblock_section av-lzu64cys-4f68f264c184cbcdb24186540321ed3e '   itemscope=\"itemscope\" itemtype=\"https:\/\/schema.org\/CreativeWork\" ><div class='avia_textblock'  itemprop=\"text\" ><p style=\"text-align: center;\">En Club Las Dunas, nuestra pasi\u00f3n es crear momentos inolvidables para nuestros clientes en cada evento que organizamos. Desde hermosas y rom\u00e1nticas bodas, hasta celebraciones familiares y eventos corporativos inolvidables. Nos esforzamos por ofrecer espacios elegantes y servicios de alta calidad que superen las expectativas de quienes conf\u00edan en nosotros para hacer de sus sue\u00f1os una realidad. Adem\u00e1s, como parte de nuestro compromiso con la comunidad y con el objetivo de fomentar el turismo en la regi\u00f3n de Atacama, en nuestro exclusivo club de campo ofrecemos paseos grupales y recibimos a turistas. Ya que se encuentra situado en un entorno \u00fanico, Club Las Dunas es un lugar so\u00f1ado con \u00e1reas verdes, piscina y quinchos, que complementan la belleza natural del desierto de Atacama.<\/p>\n<\/div><\/section><\/p><\/div><div  class='flex_column av-ddgr8-03ad5c9f8d3b6788c565f770d611dbb0 av_one_half  avia-builder-el-5  el_after_av_one_full  el_before_av_one_half  first flex_column_div  column-top-margin'     ><p>\n<style type=\"text\/css\" data-created_by=\"avia_inline_auto\" id=\"style-css-av-lzu637a7-2d64f53baa86140a1fbb381f4a57cbfd\">\n#top .av-special-heading.av-lzu637a7-2d64f53baa86140a1fbb381f4a57cbfd{\npadding-bottom:10px;\n}\nbody .av-special-heading.av-lzu637a7-2d64f53baa86140a1fbb381f4a57cbfd .av-special-heading-tag .heading-char{\nfont-size:25px;\n}\n.av-special-heading.av-lzu637a7-2d64f53baa86140a1fbb381f4a57cbfd .av-subheading{\nfont-size:15px;\n}\n<\/style>\n<div  class='av-special-heading av-lzu637a7-2d64f53baa86140a1fbb381f4a57cbfd av-special-heading-h2 blockquote modern-quote modern-centered  avia-builder-el-6  el_before_av_textblock  avia-builder-el-first '><h2 class='av-special-heading-tag'  itemprop=\"headline\"  >Misi\u00f3n<\/h2><div class=\"special-heading-border\"><div class=\"special-heading-inner-border\"><\/div><\/div><\/div><br \/>\n<section  class='av_textblock_section av-lzu62qpf-ea2e8ab4aa9f80a799c460d011be4f87 '   itemscope=\"itemscope\" itemtype=\"https:\/\/schema.org\/CreativeWork\" ><div class='avia_textblock'  itemprop=\"text\" ><p>En Club Las Dunas, nuestra misi\u00f3n es crear momentos inolvidables para nuestros clientes en cada evento que organizamos. Nos destacamos por ofrecer no solo espacios elegantes y servicios de alta calidad, sino tambi\u00e9n experiencias que superen las expectativas de cada cliente. Nos comprometemos a brindar una atenci\u00f3n personalizada y cercana, asegurando que cada detalle est\u00e9 cuidadosamente planificado y ejecutado. Creemos en la importancia de celebrar la vida y el amor, y estamos dedicados a hacer que cada evento sea una experiencia \u00fanica y memorable para todos nuestros clientes y sus invitados.<\/p>\n<\/div><\/section><\/p><\/div><div  class='flex_column av-9hsz8-1157541c1bcf90506ee4db0fc99864d7 av_one_half  avia-builder-el-8  el_after_av_one_half  avia-builder-el-last  flex_column_div  column-top-margin'     ><p>\n<style type=\"text\/css\" data-created_by=\"avia_inline_auto\" id=\"style-css-av-lzu63e8m-ae41a217da173228c06c2fbc93df1c39\">\n#top .av-special-heading.av-lzu63e8m-ae41a217da173228c06c2fbc93df1c39{\npadding-bottom:10px;\n}\nbody .av-special-heading.av-lzu63e8m-ae41a217da173228c06c2fbc93df1c39 .av-special-heading-tag .heading-char{\nfont-size:25px;\n}\n.av-special-heading.av-lzu63e8m-ae41a217da173228c06c2fbc93df1c39 .av-subheading{\nfont-size:15px;\n}\n<\/style>\n<div  class='av-special-heading av-lzu63e8m-ae41a217da173228c06c2fbc93df1c39 av-special-heading-h2 blockquote modern-quote modern-centered  avia-builder-el-9  el_before_av_textblock  avia-builder-el-first '><h2 class='av-special-heading-tag'  itemprop=\"headline\"  >Visi\u00f3n<\/h2><div class=\"special-heading-border\"><div class=\"special-heading-inner-border\"><\/div><\/div><\/div><br \/>\n<section  class='av_textblock_section av-lzu62vhc-e7d3338cf76ec03889d064110f78cfe2 '   itemscope=\"itemscope\" itemtype=\"https:\/\/schema.org\/CreativeWork\" ><div class='avia_textblock'  itemprop=\"text\" ><p>En Club Las Dunas, nuestra visi\u00f3n es ser el destino preferido para eventos especiales. Nos esforzamos por ser reconocidos por nuestra experiencia y excelencia en el servicio, atendiendo cada detalle con dedicaci\u00f3n. Queremos liderar la industria de eventos en la regi\u00f3n de Atacama, manteniendo nuestra reputaci\u00f3n de calidad y compromiso con la satisfacci\u00f3n del cliente. Nos dedicamos a la mejora continua, buscando constantemente formas de innovar y superar las expectativas de nuestros clientes. A medida que crecemos y nos expandimos, aspiramos a seguir siendo un lugar de ensue\u00f1o donde se crean recuerdos eternos y se celebran momentos significativos en la vida de las personas.<\/p>\n<\/div><\/section><\/p><\/div>\n\n<div id='av-masonry-1' class='av-masonry av-lzu65h3t-f961a7f82fc4ab0e6cbd5e3630ebdf8b noHover av-fixed-size av-no-gap av-hover-overlay-active av-masonry-animation-active av-masonry-col-5 av-caption-always av-caption-style- av-masonry-gallery av-orientation-square ' data-post_id=\"252\"><div class=\"av-masonry-container isotope av-js-disabled\"><div class='av-masonry-entry isotope-item av-masonry-item-no-image '><\/div><a href=\"https:\/\/clublasdunas.cl\/wp-content\/uploads\/2024\/08\/2.png\" data-srcset=\"https:\/\/clublasdunas.cl\/wp-content\/uploads\/2024\/08\/2.png 1920w, https:\/\/clublasdunas.cl\/wp-content\/uploads\/2024\/08\/2-768x432.png 768w, https:\/\/clublasdunas.cl\/wp-content\/uploads\/2024\/08\/2-1536x864.png 1536w, https:\/\/clublasdunas.cl\/wp-content\/uploads\/2024\/08\/2-1500x844.png 1500w, https:\/\/clublasdunas.cl\/wp-content\/uploads\/2024\/08\/2-705x397.png 705w\" data-sizes=\"(max-width: 1920px) 100vw, 1920px\"  aria-label=\"image 2\"  id='av-masonry-1-item-244' data-av-masonry-item='244' class='av-masonry-entry isotope-item post-244 attachment type-attachment status-inherit hentry  av-masonry-item-with-image' title=\"2\" alt=\"\"    itemprop=\"thumbnailUrl\" ><div class='av-inner-masonry-sizer'><\/div><figure class='av-inner-masonry main_color'><div class=\"av-masonry-outerimage-container\"><div class='av-masonry-image-container' style=\"background-image: url(https:\/\/clublasdunas.cl\/wp-content\/uploads\/2024\/08\/2-705x397.png);\"  title=\"2\"  ><\/div><\/div><\/figure><\/a><!--end av-masonry entry--><a href=\"https:\/\/clublasdunas.cl\/wp-content\/uploads\/2024\/08\/3.png\" data-srcset=\"https:\/\/clublasdunas.cl\/wp-content\/uploads\/2024\/08\/3.png 1920w, https:\/\/clublasdunas.cl\/wp-content\/uploads\/2024\/08\/3-768x432.png 768w, https:\/\/clublasdunas.cl\/wp-content\/uploads\/2024\/08\/3-1536x864.png 1536w, https:\/\/clublasdunas.cl\/wp-content\/uploads\/2024\/08\/3-1500x844.png 1500w, https:\/\/clublasdunas.cl\/wp-content\/uploads\/2024\/08\/3-705x397.png 705w\" data-sizes=\"(max-width: 1920px) 100vw, 1920px\"  aria-label=\"image 3\"  id='av-masonry-1-item-243' data-av-masonry-item='243' class='av-masonry-entry isotope-item post-243 attachment type-attachment status-inherit hentry  av-masonry-item-with-image' title=\"3\" alt=\"\"    itemprop=\"thumbnailUrl\" ><div class='av-inner-masonry-sizer'><\/div><figure class='av-inner-masonry main_color'><div class=\"av-masonry-outerimage-container\"><div class='av-masonry-image-container' style=\"background-image: url(https:\/\/clublasdunas.cl\/wp-content\/uploads\/2024\/08\/3-705x397.png);\"  title=\"3\"  ><\/div><\/div><\/figure><\/a><!--end av-masonry entry--><a href=\"https:\/\/clublasdunas.cl\/wp-content\/uploads\/2024\/08\/1.png\" data-srcset=\"https:\/\/clublasdunas.cl\/wp-content\/uploads\/2024\/08\/1.png 1920w, https:\/\/clublasdunas.cl\/wp-content\/uploads\/2024\/08\/1-768x432.png 768w, https:\/\/clublasdunas.cl\/wp-content\/uploads\/2024\/08\/1-1536x864.png 1536w, https:\/\/clublasdunas.cl\/wp-content\/uploads\/2024\/08\/1-1500x844.png 1500w, https:\/\/clublasdunas.cl\/wp-content\/uploads\/2024\/08\/1-705x397.png 705w\" data-sizes=\"(max-width: 1920px) 100vw, 1920px\"  aria-label=\"image 1\"  id='av-masonry-1-item-242' data-av-masonry-item='242' class='av-masonry-entry isotope-item post-242 attachment type-attachment status-inherit hentry  av-masonry-item-with-image' title=\"1\" alt=\"\"    itemprop=\"thumbnailUrl\" ><div class='av-inner-masonry-sizer'><\/div><figure class='av-inner-masonry main_color'><div class=\"av-masonry-outerimage-container\"><div class='av-masonry-image-container' style=\"background-image: url(https:\/\/clublasdunas.cl\/wp-content\/uploads\/2024\/08\/1-705x397.png);\"  title=\"1\"  ><\/div><\/div><\/figure><\/a><!--end av-masonry entry--><a href=\"https:\/\/clublasdunas.cl\/wp-content\/uploads\/2024\/08\/4L2A6978.jpeg\" data-srcset=\"https:\/\/clublasdunas.cl\/wp-content\/uploads\/2024\/08\/4L2A6978.jpeg 1280w, https:\/\/clublasdunas.cl\/wp-content\/uploads\/2024\/08\/4L2A6978-768x512.jpeg 768w, https:\/\/clublasdunas.cl\/wp-content\/uploads\/2024\/08\/4L2A6978-705x470.jpeg 705w\" data-sizes=\"(max-width: 1280px) 100vw, 1280px\"  aria-label=\"image 4L2A6978\"  id='av-masonry-1-item-236' data-av-masonry-item='236' class='av-masonry-entry isotope-item post-236 attachment type-attachment status-inherit hentry  av-masonry-item-with-image' title=\"4L2A6978\" alt=\"\"    itemprop=\"thumbnailUrl\" ><div class='av-inner-masonry-sizer'><\/div><figure class='av-inner-masonry main_color'><div class=\"av-masonry-outerimage-container\"><div class='av-masonry-image-container' style=\"background-image: url(https:\/\/clublasdunas.cl\/wp-content\/uploads\/2024\/08\/4L2A6978-705x470.jpeg);\"  title=\"4L2A6978\"  ><\/div><\/div><\/figure><\/a><!--end av-masonry entry--><a href=\"https:\/\/clublasdunas.cl\/wp-content\/uploads\/2024\/08\/Coctel-267-scaled.jpg\" data-srcset=\"https:\/\/clublasdunas.cl\/wp-content\/uploads\/2024\/08\/Coctel-267-scaled.jpg 2560w, https:\/\/clublasdunas.cl\/wp-content\/uploads\/2024\/08\/Coctel-267-768x512.jpg 768w, https:\/\/clublasdunas.cl\/wp-content\/uploads\/2024\/08\/Coctel-267-1536x1024.jpg 1536w, https:\/\/clublasdunas.cl\/wp-content\/uploads\/2024\/08\/Coctel-267-2048x1365.jpg 2048w, https:\/\/clublasdunas.cl\/wp-content\/uploads\/2024\/08\/Coctel-267-1500x1000.jpg 1500w, https:\/\/clublasdunas.cl\/wp-content\/uploads\/2024\/08\/Coctel-267-705x470.jpg 705w\" data-sizes=\"(max-width: 2560px) 100vw, 2560px\"  aria-label=\"image Coctel-267\"  id='av-masonry-1-item-235' data-av-masonry-item='235' class='av-masonry-entry isotope-item post-235 attachment type-attachment status-inherit hentry  av-masonry-item-with-image' title=\"Coctel-267\" alt=\"\"    itemprop=\"thumbnailUrl\" ><div class='av-inner-masonry-sizer'><\/div><figure class='av-inner-masonry main_color'><div class=\"av-masonry-outerimage-container\"><div class='av-masonry-image-container' style=\"background-image: url(https:\/\/clublasdunas.cl\/wp-content\/uploads\/2024\/08\/Coctel-267-705x470.jpg);\"  title=\"Coctel-267\"  ><\/div><\/div><\/figure><\/a><!--end av-masonry entry--><\/div><\/div>\n","protected":false},"excerpt":{"rendered":"","protected":false},"author":1,"featured_media":0,"parent":0,"menu_order":0,"comment_status":"closed","ping_status":"closed","template":"","meta":{"footnotes":""},"class_list":["post-252","page","type-page","status-publish","hentry"],"_links":{"self":[{"href":"https:\/\/clublasdunas.cl\/index.php\/wp-json\/wp\/v2\/pages\/252","targetHints":{"allow":["GET"]}}],"collection":[{"href":"https:\/\/clublasdunas.cl\/index.php\/wp-json\/wp\/v2\/pages"}],"about":[{"href":"https:\/\/clublasdunas.cl\/index.php\/wp-json\/wp\/v2\/types\/page"}],"author":[{"embeddable":true,"href":"https:\/\/clublasdunas.cl\/index.php\/wp-json\/wp\/v2\/users\/1"}],"replies":[{"embeddable":true,"href":"https:\/\/clublasdunas.cl\/index.php\/wp-json\/wp\/v2\/comments?post=252"}],"version-history":[{"count":7,"href":"https:\/\/clublasdunas.cl\/index.php\/wp-json\/wp\/v2\/pages\/252\/revisions"}],"predecessor-version":[{"id":259,"href":"https:\/\/clublasdunas.cl\/index.php\/wp-json\/wp\/v2\/pages\/252\/revisions\/259"}],"wp:attachment":[{"href":"https:\/\/clublasdunas.cl\/index.php\/wp-json\/wp\/v2\/media?parent=252"}],"curies":[{"name":"wp","href":"https:\/\/api.w.org\/{rel}","templated":true}]}}